{"id":2178,"date":"2016-08-10T09:06:49","date_gmt":"2016-08-10T09:06:49","guid":{"rendered":"https:\/\/demo.accesspressthemes.com\/the-launcher\/landing-page\/?page_id=4"},"modified":"2021-12-03T14:57:49","modified_gmt":"2021-12-03T14:57:49","slug":"home","status":"publish","type":"page","link":"https:\/\/douazeci.ro\/?page_id=2178","title":{"rendered":"La 20 de ani de avocatnet.ro, punem um\u0103rul la crearea noii genera\u021bii de consultan\u021bi"},"content":{"rendered":"\n<p class=\"has-drop-cap\">\u0218tim cum e s\u0103 ai dou\u0103zeci de ani, tocmai i-am \u00eemplinit \u0219i noi. Pentru un brand, dou\u0103zeci de ani reprezint\u0103 o v\u00e2rst\u0103 venerabil\u0103, pentru un t\u00e2n\u0103r, \u00eens\u0103, fie el student sau absolvent, este abia \u00eenceputul drumului s\u0103u profesional.\u00a0<\/p>\n\n\n\n<p>Din 2001, explic\u0103m legisla\u021bia zi de zi. Am scris p\u00e2n\u0103 acum sute de mii de articole care povestesc \u00eentr-un limbaj u\u0219or de \u00een\u021beles pentru oricine ce legi se modific\u0103 \u0219i care e impactul lor pentru oameni \u0219i mediul de afaceri. Nu puteam face asta singuri, a\u0219a c\u0103, de-a lungul anilor, am discutat cu mii de consultan\u021bi \u0219i avoca\u021bi din toate ariile de practic\u0103, care s\u0103 ne ajute s\u0103 \u00een\u021belegem efectele palpabile ale modific\u0103rilor legislative, ca mai apoi s\u0103 le putem povesti \u0219i altora.<\/p>\n\n\n\n<p>Ast\u0103zi avocatnet.ro este accesat anual de 7 din 10 utilizatori de internet \u0219i a devenit cel mai mare conector \u00eentre cei care fac consultan\u021b\u0103 de afaceri \u00een Rom\u00e2nia \u0219i business-urile sau oamenii care au nevoie de ea.<\/p>\n\n\n\n<p>\u0218tim ce greu se construie\u0219te o carier\u0103 \u0219i c\u00e2t\u0103 nevoie ai s\u0103 nu fii singur pe drumul acesta, a\u0219a c\u0103, de aniversarea noastr\u0103, ne-am g\u00e2ndit s\u0103 \u00ee\u021bi venim \u00een ajutor.<\/p>\n\n\n\n<p>Am adunat laolalt\u0103 consultan\u021bi reputa\u021bi, cu cariere vechi \u0219i consolidate, care, ca \u0219i tine acum, au fost c\u00e2ndva la \u00eenceput. I-am \u00eentrebat ce ar fi vrut s\u0103 afle mai devreme, c\u00e2nd abia intrau \u00een profesie, dar \u0219i ce abilit\u0103\u021bi caut\u0103 atunci c\u00e2nd angajeaz\u0103 tineri pentru companiile \u00een care lucreaz\u0103 sau pe care le-au fondat. I-am rugat s\u0103 \u00ee\u021bi povesteasc\u0103 despre propriile lor parcursuri profesionale, ca tu s\u0103 te inspiri \u0219i s\u0103 vezi c\u0103 po\u021bi alege \u0219i c\u0103 nu exist\u0103 un singur drum pe care trebuie s\u0103 mergi ca s\u0103 ajungi un consultant de performan\u021b\u0103.<\/p>\n\n\n\n<p>\u021ai-am mai preg\u0103tit pe aceast\u0103 platform\u0103 \u0219i materiale explicative care s\u0103 te ajute s\u0103 te orientezi pentru viitoarea ta carier\u0103, orice postur\u0103 vei alege: angajat, intern, t\u00e2n\u0103r antreprenor.<\/p>\n\n\n\n<p>Indiferent ce variant\u0103 rezoneaz\u0103 mai mult cu tine, \u00ee\u021bi dorim s\u0103 ai curaj s\u0103 \u00ee\u021bi construie\u0219ti drumul t\u0103u. N-ai s\u0103 fii singur: pe avocatnet.ro te inform\u0103m zilnic despre orice legi se modific\u0103, a\u0219a c\u0103, dac\u0103 ne la\u0219i, \u00eel vom parcurge \u0219i noi al\u0103turi de tine.<\/p>\n\n\n\n<p>avocatnet.ro<br>Nu putem opri haosul legislativ, dar \u00eel explic\u0103m.<br>De 20 de ani, zi de zi.<\/p>\n","protected":false},"excerpt":{"rendered":"\u0218tim cum e s\u0103 ai dou\u0103zeci de ani, tocmai i-am \u00eemplinit \u0219i noi. Pentru un brand, dou\u0103zeci de&hellip;\n","protected":false},"author":1,"featured_media":2833,"parent":0,"menu_order":0,"comment_status":"closed","ping_status":"closed","template":"","meta":{"footnotes":""},"class_list":["post-2178","page","type-page","status-publish","has-post-thumbnail"],"_links":{"self":[{"href":"https:\/\/douazeci.ro\/index.php?rest_route=\/wp\/v2\/pages\/2178","targetHints":{"allow":["GET"]}}],"collection":[{"href":"https:\/\/douazeci.ro\/index.php?rest_route=\/wp\/v2\/pages"}],"about":[{"href":"https:\/\/douazeci.ro\/index.php?rest_route=\/wp\/v2\/types\/page"}],"author":[{"embeddable":true,"href":"https:\/\/douazeci.ro\/index.php?rest_route=\/wp\/v2\/users\/1"}],"replies":[{"embeddable":true,"href":"https:\/\/douazeci.ro\/index.php?rest_route=%2Fwp%2Fv2%2Fcomments&post=2178"}],"version-history":[{"count":1,"href":"https:\/\/douazeci.ro\/index.php?rest_route=\/wp\/v2\/pages\/2178\/revisions"}],"predecessor-version":[{"id":2840,"href":"https:\/\/douazeci.ro\/index.php?rest_route=\/wp\/v2\/pages\/2178\/revisions\/2840"}],"wp:featuredmedia":[{"embeddable":true,"href":"https:\/\/douazeci.ro\/index.php?rest_route=\/wp\/v2\/media\/2833"}],"wp:attachment":[{"href":"https:\/\/douazeci.ro\/index.php?rest_route=%2Fwp%2Fv2%2Fmedia&parent=2178"}],"curies":[{"name":"wp","href":"https:\/\/api.w.org\/{rel}","templated":true}]}}